{"id":546,"date":"2018-09-06T09:19:28","date_gmt":"2018-09-06T08:19:28","guid":{"rendered":"https:\/\/eurocolor.es\/certificados\/"},"modified":"2025-07-09T11:53:21","modified_gmt":"2025-07-09T10:53:21","slug":"certificats","status":"publish","type":"page","link":"https:\/\/eurocolor.es\/fr\/certificats\/","title":{"rendered":"Certificats"},"content":{"rendered":"<div class=\"wpb-content-wrapper\">[mk_page_section bg_image=\u00a0\u00bbhttps:\/\/eurocolor.es\/wp-content\/uploads\/eurocolor_certificados.jpg\u00a0\u00bb bg_position=\u00a0\u00bbleft center\u00a0\u00bb bg_repeat=\u00a0\u00bbno-repeat\u00a0\u00bb bg_stretch=\u00a0\u00bbtrue\u00a0\u00bb min_height=\u00a0\u00bb500&Prime; js_vertical_centered=\u00a0\u00bbtrue\u00a0\u00bb padding_top=\u00a0\u00bb0&Prime; padding_bottom=\u00a0\u00bb7&Prime; sidebar=\u00a0\u00bbsidebar-1&Prime;][vc_column width=\u00a0\u00bb1\/2&Prime;][vc_row_inner][vc_column_inner css=\u00a0\u00bb.vc_custom_1533650294273{padding-top: 30px !important;padding-right: 30px !important;padding-bottom: 30px !important;padding-left: 30px !important;background-color: rgba(2,71,138,0.7) !important;*background-color: rgb(2,71,138) !important;}\u00a0\u00bb][vc_column_text css=\u00a0\u00bb.vc_custom_1539257878593{margin-bottom: 0px !important;}\u00a0\u00bb]\n<h1><span style=\"color: #ffffff;\">Certificats<\/span><\/h1>\n[\/vc_column_text][vc_column_text el_class=\u00a0\u00bbtexto-blanco\u00a0\u00bb css=\u00a0\u00bb.vc_custom_1539257913070{margin-bottom: 0px !important;}\u00a0\u00bb]\n<h4>Tous les processus de production d&rsquo;EUROCOLOR ont pass\u00e9 avec succ\u00e8s les contr\u00f4les des organismes de certification et poss\u00e8dent les principaux labels de qualit\u00e9.<\/h4>\n[\/vc_column_text][\/vc_column_inner][\/vc_row_inner][\/vc_column][\/mk_page_section][mk_page_section min_height=\u00a0\u00bb7&Prime; padding_top=\u00a0\u00bb0&Prime; padding_bottom=\u00a0\u00bb0&Prime; sidebar=\u00a0\u00bbsidebar-1&Prime;][vc_column][\/vc_column][\/mk_page_section][mk_page_section bg_color=\u00a0\u00bb#004890&Prime; padding_top=\u00a0\u00bb30&Prime; padding_bottom=\u00a0\u00bb20&Prime; sidebar=\u00a0\u00bbsidebar-1&Prime;][vc_column][vc_column_text el_class=\u00a0\u00bbtexto-blanco\u00a0\u00bb css=\u00a0\u00bb.vc_custom_1539259574057{margin-bottom: 0px !important;}\u00a0\u00bb]\n<h2 style=\"text-align: center;\"><span style=\"color: #ffffff;\">Nos installations r\u00e9pondent aux param\u00e8tres de qualit\u00e9 les plus exigeants<\/span><\/h2>\n[\/vc_column_text][\/vc_column][\/mk_page_section][mk_page_section padding_top=\u00a0\u00bb80&Prime; padding_bottom=\u00a0\u00bb35&Prime; visibility=\u00a0\u00bbhidden-sm\u00a0\u00bb sidebar=\u00a0\u00bbsidebar-1&Prime;][vc_column width=\u00a0\u00bb1\/2&Prime;][vc_column_text css=\u00a0\u00bb.vc_custom_1752058394538{margin-bottom: 0px !important;}\u00a0\u00bb]<img loading=\"lazy\" decoding=\"async\" class=\"alignnone wp-image-937 size-full\" src=\"https:\/\/eurocolor.es\/wp-content\/uploads\/qualicoat-logo_lic_qct-seaside_432-standard-nuevo-logo-300x97-2.png\" alt=\"\" width=\"300\" height=\"97\" \/>[\/vc_column_text][vc_column_text css=\u00a0\u00bb.vc_custom_1539257955416{margin-bottom: 0px !important;}\u00a0\u00bb]\n<h4><strong>Qualicoat<\/strong> Qualicoat est une organisation internationale qui s&rsquo;engage \u00e0 maintenir et \u00e0 promouvoir la qualit\u00e9 du laquage de l&rsquo;aluminium pour les applications architecturales, ce qui garantit et certifie tous nos processus de production. Les normes de qualit\u00e9 QUALICOAT \u00e9tablissent une s\u00e9rie d&rsquo;exigences techniques pour que tous les proc\u00e9d\u00e9s de rev\u00eatement, les formes et les syst\u00e8mes de pr\u00e9traitement soient de qualit\u00e9 certifi\u00e9ee. Il s&rsquo;agit d&rsquo;une norme qui prend en compte l&rsquo;ensemble du processus de laquage de l&rsquo;aluminium.<\/h4>\n[\/vc_column_text][\/vc_column][vc_column width=\u00a0\u00bb1\/2&Prime;][mk_image src=\u00a0\u00bbhttps:\/\/eurocolor.es\/wp-content\/uploads\/eurocolor_sellos-calidad.jpg\u00a0\u00bb image_size=\u00a0\u00bbfull\u00a0\u00bb][\/vc_column][\/mk_page_section][mk_page_section padding_top=\u00a0\u00bb80&Prime; padding_bottom=\u00a0\u00bb35&Prime; visibility=\u00a0\u00bbvisible-sm\u00a0\u00bb sidebar=\u00a0\u00bbsidebar-1&Prime;][vc_column width=\u00a0\u00bb1\/2&Prime;][mk_image src=\u00a0\u00bbhttps:\/\/eurocolor.es\/wp-content\/uploads\/eurocolor_sellos-calidad.jpg\u00a0\u00bb image_size=\u00a0\u00bbfull\u00a0\u00bb][mk_padding_divider size=\u00a0\u00bb20&Prime;][vc_column_text css=\u00a0\u00bb.vc_custom_1540894605074{margin-bottom: 0px !important;}\u00a0\u00bb]\n<h4 style=\"text-align: center;\"><strong>Qualicoat<\/strong> Qualicoat est une organisation internationale qui s&rsquo;engage \u00e0 maintenir et \u00e0 promouvoir la qualit\u00e9 du laquage de l&rsquo;aluminium pour les applications architecturales, ce qui garantit et certifie tous nos processus de production. Les normes de qualit\u00e9 QUALICOAT \u00e9tablissent une s\u00e9rie d&rsquo;exigences techniques pour que tous les proc\u00e9d\u00e9s de rev\u00eatement, les formes et les syst\u00e8mes de pr\u00e9traitement soient de qualit\u00e9 certifi\u00e9ee. Il s&rsquo;agit d&rsquo;une norme qui prend en compte l&rsquo;ensemble du processus de laquage de l&rsquo;aluminium.<\/h4>\n[\/vc_column_text][mk_padding_divider size=\u00a0\u00bb20&Prime;][\/vc_column][vc_column width=\u00a0\u00bb1\/2&Prime;][vc_column_text align=\u00a0\u00bbcenter\u00a0\u00bb css=\u00a0\u00bb.vc_custom_1540894613521{margin-bottom: 0px !important;}\u00a0\u00bb]<img loading=\"lazy\" decoding=\"async\" class=\"alignnone wp-image-331\" src=\"https:\/\/eurocolor.es\/wp-content\/uploads\/qualicoat.png\" alt=\"\" width=\"200\" height=\"72\" srcset=\"https:\/\/eurocolor.es\/wp-content\/uploads\/qualicoat.png 400w, https:\/\/eurocolor.es\/wp-content\/uploads\/qualicoat-300x108.png 300w\" sizes=\"auto, (max-width: 200px) 100vw, 200px\" \/>[\/vc_column_text][\/vc_column][\/mk_page_section][mk_page_section padding_top=\u00a0\u00bb35&Prime; padding_bottom=\u00a0\u00bb80&Prime; visibility=\u00a0\u00bbhidden-sm\u00a0\u00bb sidebar=\u00a0\u00bbsidebar-1&Prime;][vc_column width=\u00a0\u00bb1\/2&Prime;][mk_image src=\u00a0\u00bbhttps:\/\/eurocolor.es\/wp-content\/uploads\/eurocolor-sellos_calidad.jpg\u00a0\u00bb image_size=\u00a0\u00bbfull\u00a0\u00bb][\/vc_column][vc_column width=\u00a0\u00bb1\/2&Prime;][vc_column_text css=\u00a0\u00bb.vc_custom_1539258068919{margin-bottom: 0px !important;}\u00a0\u00bb]\n<h4>EUROCOLOR est une usine poss\u00e9dant le <strong>certificat QUALICOAT<\/strong> n\u00ba. 432 obtenu en 1996 et a \u00e9t\u00e9 la premi\u00e8re usine en Espagne \u00e0 obtenir le <strong>certificat SEASIDE<\/strong> qui prot\u00e8ge notre pr\u00e9traitement sp\u00e9cial <span class=\"marca-registrada\">sealac\u00ae.<\/span><\/h4>\n[\/vc_column_text][mk_padding_divider size=\u00a0\u00bb20&Prime;][vc_column_text css=\u00a0\u00bb.vc_custom_1539258096634{margin-bottom: 0px !important;}\u00a0\u00bb]\n<h4>Ce label garantit que les installations sont soumises \u00e0 plusieurs inspections annuelles pour contr\u00f4ler le respect de tous les param\u00e8tres exig\u00e9s par les normes de laquage.<\/h4>\n[\/vc_column_text][\/vc_column][\/mk_page_section][mk_page_section padding_top=\u00a0\u00bb35&Prime; padding_bottom=\u00a0\u00bb80&Prime; visibility=\u00a0\u00bbvisible-sm\u00a0\u00bb sidebar=\u00a0\u00bbsidebar-1&Prime;][vc_column width=\u00a0\u00bb1\/2&Prime;][mk_image src=\u00a0\u00bbhttps:\/\/eurocolor.es\/wp-content\/uploads\/eurocolor-sellos_calidad.jpg\u00a0\u00bb image_size=\u00a0\u00bbfull\u00a0\u00bb][\/vc_column][vc_column width=\u00a0\u00bb1\/2&Prime;][mk_padding_divider size=\u00a0\u00bb20&Prime;][vc_column_text css=\u00a0\u00bb.vc_custom_1540894619954{margin-bottom: 0px !important;}\u00a0\u00bb]\n<h4 style=\"text-align: center;\">EUROCOLOR est une usine poss\u00e9dant le <strong>certificat QUALICOAT<\/strong> n\u00ba. 432 obtenu en 1996 et a \u00e9t\u00e9 la premi\u00e8re usine en Espagne \u00e0 obtenir le <strong>certificat SEASIDE<\/strong> qui prot\u00e8ge notre pr\u00e9traitement sp\u00e9cial <span class=\"marca-registrada\">sealac\u00ae.<\/span><\/h4>\n[\/vc_column_text][mk_padding_divider size=\u00a0\u00bb20&Prime;][vc_column_text css=\u00a0\u00bb.vc_custom_1540894625349{margin-bottom: 0px !important;}\u00a0\u00bb]\n<h4 style=\"text-align: center;\">Ce label garantit que les installations sont soumises \u00e0 plusieurs inspections annuelles pour contr\u00f4ler le respect de tous les param\u00e8tres exig\u00e9s par les normes de laquage.<\/h4>\n[\/vc_column_text][\/vc_column][\/mk_page_section]\n<\/div>","protected":false},"excerpt":{"rendered":"<p>[mk_page_section bg_image=\u00a0\u00bbhttps:\/\/eurocolor.es\/wp-content\/uploads\/eurocolor_certificados.jpg\u00a0\u00bb bg_position=\u00a0\u00bbleft center\u00a0\u00bb bg_repeat=\u00a0\u00bbno-repeat\u00a0\u00bb bg_stretch=\u00a0\u00bbtrue\u00a0\u00bb min_height=\u00a0\u00bb500&Prime; js_vertical_centered=\u00a0\u00bbtrue\u00a0\u00bb padding_top=\u00a0\u00bb0&Prime; padding_bottom=\u00a0\u00bb7&Prime; sidebar=\u00a0\u00bbsidebar-1&Prime;][vc_column width=\u00a0\u00bb1\/2&Prime;][vc_row_inner][vc_column_inner css=\u00a0\u00bb.vc_custom_1533650294273{padding-top: 30px !important;padding-right: 30px !important;padding-bottom: 30px !important;padding-left: 30px !important;background-color: rgba(2,71,138,0.7) !important;*background-color: rgb(2,71,138) !important;}\u00a0\u00bb][vc_column_text css=\u00a0\u00bb.vc_custom_1539257878593{margin-bottom: 0px !important;}\u00a0\u00bb] Certificats [\/vc_column_text][vc_column_text el_class=\u00a0\u00bbtexto-blanco\u00a0\u00bb css=\u00a0\u00bb.vc_custom_1539257913070{margin-bottom: 0px !important;}\u00a0\u00bb] Tous les processus de production d&rsquo;EUROCOLOR ont pass\u00e9 avec succ\u00e8s les contr\u00f4les des organismes de certification et poss\u00e8dent les principaux labels [&hellip;]<\/p>\n","protected":false},"author":2,"featured_media":0,"parent":0,"menu_order":0,"comment_status":"closed","ping_status":"closed","template":"","meta":{"inline_featured_image":false,"footnotes":""},"class_list":["post-546","page","type-page","status-publish","hentry"],"yoast_head":"<!-- This site is optimized with the Yoast SEO plugin v27.2 - https:\/\/yoast.com\/product\/yoast-seo-wordpress\/ -->\n<title>Certificats - Eurocolor<\/title>\n<meta name=\"robots\" content=\"index, follow, max-snippet:-1, max-image-preview:large, max-video-preview:-1\" \/>\n<link rel=\"canonical\" href=\"https:\/\/eurocolor.es\/certificados\/\" \/>\n<meta property=\"og:locale\" content=\"fr_FR\" \/>\n<meta property=\"og:type\" content=\"article\" \/>\n<meta property=\"og:title\" content=\"Certificats - Eurocolor\" \/>\n<meta property=\"og:description\" content=\"[mk_page_section bg_image=\u00a0\u00bbhttps:\/\/eurocolor.es\/wp-content\/uploads\/eurocolor_certificados.jpg\u00a0\u00bb bg_position=\u00a0\u00bbleft center\u00a0\u00bb bg_repeat=\u00a0\u00bbno-repeat\u00a0\u00bb bg_stretch=\u00a0\u00bbtrue\u00a0\u00bb min_height=\u00a0\u00bb500&Prime; js_vertical_centered=\u00a0\u00bbtrue\u00a0\u00bb padding_top=\u00a0\u00bb0&Prime; padding_bottom=\u00a0\u00bb7&Prime; sidebar=\u00a0\u00bbsidebar-1&Prime;][vc_column width=\u00a0\u00bb1\/2&Prime;][vc_row_inner][vc_column_inner css=\u00a0\u00bb.vc_custom_1533650294273{padding-top: 30px !important;padding-right: 30px !important;padding-bottom: 30px !important;padding-left: 30px !important;background-color: rgba(2,71,138,0.7) !important;*background-color: rgb(2,71,138) !important;}\u00a0\u00bb][vc_column_text css=\u00a0\u00bb.vc_custom_1539257878593{margin-bottom: 0px !important;}\u00a0\u00bb] Certificats [\/vc_column_text][vc_column_text el_class=\u00a0\u00bbtexto-blanco\u00a0\u00bb css=\u00a0\u00bb.vc_custom_1539257913070{margin-bottom: 0px !important;}\u00a0\u00bb] Tous les processus de production d&rsquo;EUROCOLOR ont pass\u00e9 avec succ\u00e8s les contr\u00f4les des organismes de certification et poss\u00e8dent les principaux labels [&hellip;]\" \/>\n<meta property=\"og:url\" content=\"https:\/\/eurocolor.es\/certificados\/\" \/>\n<meta property=\"og:site_name\" content=\"Eurocolor\" \/>\n<meta property=\"article:modified_time\" content=\"2025-07-09T10:53:21+00:00\" \/>\n<meta property=\"og:image\" content=\"https:\/\/eurocolor.es\/wp-content\/uploads\/qualicoat-logo_lic_qct-seaside_432-standard-nuevo-logo-300x97-2.png\" \/>\n\t<meta property=\"og:image:width\" content=\"300\" \/>\n\t<meta property=\"og:image:height\" content=\"97\" \/>\n\t<meta property=\"og:image:type\" content=\"image\/png\" \/>\n<meta name=\"twitter:card\" content=\"summary_large_image\" \/>\n<meta name=\"twitter:label1\" content=\"Dur\u00e9e de lecture estim\u00e9e\" \/>\n\t<meta name=\"twitter:data1\" content=\"4 minutes\" \/>\n<script type=\"application\/ld+json\" class=\"yoast-schema-graph\">{\"@context\":\"https:\/\/schema.org\",\"@graph\":[{\"@type\":\"WebPage\",\"@id\":\"https:\/\/eurocolor.es\/certificados\/\",\"url\":\"https:\/\/eurocolor.es\/certificados\/\",\"name\":\"Certificats - Eurocolor\",\"isPartOf\":{\"@id\":\"https:\/\/eurocolor.es\/#website\"},\"primaryImageOfPage\":{\"@id\":\"https:\/\/eurocolor.es\/certificados\/#primaryimage\"},\"image\":{\"@id\":\"https:\/\/eurocolor.es\/certificados\/#primaryimage\"},\"thumbnailUrl\":\"https:\/\/eurocolor.es\/wp-content\/uploads\/qualicoat-logo_lic_qct-seaside_432-standard-nuevo-logo-300x97-2.png\",\"datePublished\":\"2018-09-06T08:19:28+00:00\",\"dateModified\":\"2025-07-09T10:53:21+00:00\",\"breadcrumb\":{\"@id\":\"https:\/\/eurocolor.es\/certificados\/#breadcrumb\"},\"inLanguage\":\"fr-FR\",\"potentialAction\":[{\"@type\":\"ReadAction\",\"target\":[\"https:\/\/eurocolor.es\/certificados\/\"]}]},{\"@type\":\"ImageObject\",\"inLanguage\":\"fr-FR\",\"@id\":\"https:\/\/eurocolor.es\/certificados\/#primaryimage\",\"url\":\"https:\/\/eurocolor.es\/wp-content\/uploads\/qualicoat-logo_lic_qct-seaside_432-standard-nuevo-logo-300x97-2.png\",\"contentUrl\":\"https:\/\/eurocolor.es\/wp-content\/uploads\/qualicoat-logo_lic_qct-seaside_432-standard-nuevo-logo-300x97-2.png\"},{\"@type\":\"BreadcrumbList\",\"@id\":\"https:\/\/eurocolor.es\/certificados\/#breadcrumb\",\"itemListElement\":[{\"@type\":\"ListItem\",\"position\":1,\"name\":\"Portada\",\"item\":\"https:\/\/eurocolor.es\/fr\/\"},{\"@type\":\"ListItem\",\"position\":2,\"name\":\"Certificats\"}]},{\"@type\":\"WebSite\",\"@id\":\"https:\/\/eurocolor.es\/#website\",\"url\":\"https:\/\/eurocolor.es\/\",\"name\":\"Eurocolor\",\"description\":\"Lacado en polvo para aluminios\",\"potentialAction\":[{\"@type\":\"SearchAction\",\"target\":{\"@type\":\"EntryPoint\",\"urlTemplate\":\"https:\/\/eurocolor.es\/?s={search_term_string}\"},\"query-input\":{\"@type\":\"PropertyValueSpecification\",\"valueRequired\":true,\"valueName\":\"search_term_string\"}}],\"inLanguage\":\"fr-FR\"}]}<\/script>\n<!-- \/ Yoast SEO plugin. -->","yoast_head_json":{"title":"Certificats - Eurocolor","robots":{"index":"index","follow":"follow","max-snippet":"max-snippet:-1","max-image-preview":"max-image-preview:large","max-video-preview":"max-video-preview:-1"},"canonical":"https:\/\/eurocolor.es\/certificados\/","og_locale":"fr_FR","og_type":"article","og_title":"Certificats - Eurocolor","og_description":"[mk_page_section bg_image=\u00a0\u00bbhttps:\/\/eurocolor.es\/wp-content\/uploads\/eurocolor_certificados.jpg\u00a0\u00bb bg_position=\u00a0\u00bbleft center\u00a0\u00bb bg_repeat=\u00a0\u00bbno-repeat\u00a0\u00bb bg_stretch=\u00a0\u00bbtrue\u00a0\u00bb min_height=\u00a0\u00bb500&Prime; js_vertical_centered=\u00a0\u00bbtrue\u00a0\u00bb padding_top=\u00a0\u00bb0&Prime; padding_bottom=\u00a0\u00bb7&Prime; sidebar=\u00a0\u00bbsidebar-1&Prime;][vc_column width=\u00a0\u00bb1\/2&Prime;][vc_row_inner][vc_column_inner css=\u00a0\u00bb.vc_custom_1533650294273{padding-top: 30px !important;padding-right: 30px !important;padding-bottom: 30px !important;padding-left: 30px !important;background-color: rgba(2,71,138,0.7) !important;*background-color: rgb(2,71,138) !important;}\u00a0\u00bb][vc_column_text css=\u00a0\u00bb.vc_custom_1539257878593{margin-bottom: 0px !important;}\u00a0\u00bb] Certificats [\/vc_column_text][vc_column_text el_class=\u00a0\u00bbtexto-blanco\u00a0\u00bb css=\u00a0\u00bb.vc_custom_1539257913070{margin-bottom: 0px !important;}\u00a0\u00bb] Tous les processus de production d&rsquo;EUROCOLOR ont pass\u00e9 avec succ\u00e8s les contr\u00f4les des organismes de certification et poss\u00e8dent les principaux labels [&hellip;]","og_url":"https:\/\/eurocolor.es\/certificados\/","og_site_name":"Eurocolor","article_modified_time":"2025-07-09T10:53:21+00:00","og_image":[{"width":300,"height":97,"url":"https:\/\/eurocolor.es\/wp-content\/uploads\/qualicoat-logo_lic_qct-seaside_432-standard-nuevo-logo-300x97-2.png","type":"image\/png"}],"twitter_card":"summary_large_image","twitter_misc":{"Dur\u00e9e de lecture estim\u00e9e":"4 minutes"},"schema":{"@context":"https:\/\/schema.org","@graph":[{"@type":"WebPage","@id":"https:\/\/eurocolor.es\/certificados\/","url":"https:\/\/eurocolor.es\/certificados\/","name":"Certificats - Eurocolor","isPartOf":{"@id":"https:\/\/eurocolor.es\/#website"},"primaryImageOfPage":{"@id":"https:\/\/eurocolor.es\/certificados\/#primaryimage"},"image":{"@id":"https:\/\/eurocolor.es\/certificados\/#primaryimage"},"thumbnailUrl":"https:\/\/eurocolor.es\/wp-content\/uploads\/qualicoat-logo_lic_qct-seaside_432-standard-nuevo-logo-300x97-2.png","datePublished":"2018-09-06T08:19:28+00:00","dateModified":"2025-07-09T10:53:21+00:00","breadcrumb":{"@id":"https:\/\/eurocolor.es\/certificados\/#breadcrumb"},"inLanguage":"fr-FR","potentialAction":[{"@type":"ReadAction","target":["https:\/\/eurocolor.es\/certificados\/"]}]},{"@type":"ImageObject","inLanguage":"fr-FR","@id":"https:\/\/eurocolor.es\/certificados\/#primaryimage","url":"https:\/\/eurocolor.es\/wp-content\/uploads\/qualicoat-logo_lic_qct-seaside_432-standard-nuevo-logo-300x97-2.png","contentUrl":"https:\/\/eurocolor.es\/wp-content\/uploads\/qualicoat-logo_lic_qct-seaside_432-standard-nuevo-logo-300x97-2.png"},{"@type":"BreadcrumbList","@id":"https:\/\/eurocolor.es\/certificados\/#breadcrumb","itemListElement":[{"@type":"ListItem","position":1,"name":"Portada","item":"https:\/\/eurocolor.es\/fr\/"},{"@type":"ListItem","position":2,"name":"Certificats"}]},{"@type":"WebSite","@id":"https:\/\/eurocolor.es\/#website","url":"https:\/\/eurocolor.es\/","name":"Eurocolor","description":"Lacado en polvo para aluminios","potentialAction":[{"@type":"SearchAction","target":{"@type":"EntryPoint","urlTemplate":"https:\/\/eurocolor.es\/?s={search_term_string}"},"query-input":{"@type":"PropertyValueSpecification","valueRequired":true,"valueName":"search_term_string"}}],"inLanguage":"fr-FR"}]}},"_links":{"self":[{"href":"https:\/\/eurocolor.es\/fr\/wp-json\/wp\/v2\/pages\/546","targetHints":{"allow":["GET"]}}],"collection":[{"href":"https:\/\/eurocolor.es\/fr\/wp-json\/wp\/v2\/pages"}],"about":[{"href":"https:\/\/eurocolor.es\/fr\/wp-json\/wp\/v2\/types\/page"}],"author":[{"embeddable":true,"href":"https:\/\/eurocolor.es\/fr\/wp-json\/wp\/v2\/users\/2"}],"replies":[{"embeddable":true,"href":"https:\/\/eurocolor.es\/fr\/wp-json\/wp\/v2\/comments?post=546"}],"version-history":[{"count":5,"href":"https:\/\/eurocolor.es\/fr\/wp-json\/wp\/v2\/pages\/546\/revisions"}],"predecessor-version":[{"id":941,"href":"https:\/\/eurocolor.es\/fr\/wp-json\/wp\/v2\/pages\/546\/revisions\/941"}],"wp:attachment":[{"href":"https:\/\/eurocolor.es\/fr\/wp-json\/wp\/v2\/media?parent=546"}],"curies":[{"name":"wp","href":"https:\/\/api.w.org\/{rel}","templated":true}]}}