{"id":536,"date":"2018-08-24T13:35:18","date_gmt":"2018-08-24T12:35:18","guid":{"rendered":"https:\/\/eurocolor.es\/procesos\/"},"modified":"2025-07-09T12:00:35","modified_gmt":"2025-07-09T11:00:35","slug":"processus","status":"publish","type":"page","link":"https:\/\/eurocolor.es\/fr\/processus\/","title":{"rendered":"Processus"},"content":{"rendered":"<div class=\"wpb-content-wrapper\">[mk_page_section bg_image=\u00a0\u00bbhttps:\/\/eurocolor.es\/wp-content\/uploads\/procesos-destacado-eurocolor.jpg\u00a0\u00bb bg_position=\u00a0\u00bbleft center\u00a0\u00bb bg_repeat=\u00a0\u00bbno-repeat\u00a0\u00bb bg_stretch=\u00a0\u00bbtrue\u00a0\u00bb min_height=\u00a0\u00bb500&Prime; js_vertical_centered=\u00a0\u00bbtrue\u00a0\u00bb padding_top=\u00a0\u00bb0&Prime; padding_bottom=\u00a0\u00bb7&Prime; sidebar=\u00a0\u00bbsidebar-1&Prime;][vc_column width=\u00a0\u00bb1\/2&Prime;][vc_row_inner][vc_column_inner css=\u00a0\u00bb.vc_custom_1533650294273{padding-top: 30px !important;padding-right: 30px !important;padding-bottom: 30px !important;padding-left: 30px !important;background-color: rgba(2,71,138,0.7) !important;*background-color: rgb(2,71,138) !important;}\u00a0\u00bb][vc_column_text css=\u00a0\u00bb.vc_custom_1539156497695{margin-bottom: 0px !important;}\u00a0\u00bb]\n<h1><span style=\"color: #ffffff;\">Processus<\/span><\/h1>\n[\/vc_column_text][vc_column_text el_class=\u00a0\u00bbtexto-blanco\u00a0\u00bb css=\u00a0\u00bb.vc_custom_1539156535252{margin-bottom: 0px !important;}\u00a0\u00bb]\n<h4>Chez EUROCOLOR, nous savons que chaque projet exige ses propres sp\u00e9cifications, pour cela nous sommes en mesure d&rsquo;offrir, \u00e0 partir de processus standard, des processus hautement personnalis\u00e9s et d&rsquo;une qualit\u00e9 maximale.<\/h4>\n[\/vc_column_text][\/vc_column_inner][\/vc_row_inner][\/vc_column][vc_column width=\u00a0\u00bb1\/2&Prime;][\/vc_column][\/mk_page_section][mk_page_section min_height=\u00a0\u00bb7&Prime; padding_top=\u00a0\u00bb0&Prime; padding_bottom=\u00a0\u00bb0&Prime; sidebar=\u00a0\u00bbsidebar-1&Prime;][vc_column][\/vc_column][\/mk_page_section][mk_page_section bg_color=\u00a0\u00bb#004890&Prime; padding_top=\u00a0\u00bb30&Prime; padding_bottom=\u00a0\u00bb20&Prime; sidebar=\u00a0\u00bbsidebar-1&Prime;][vc_column][vc_column_text el_class=\u00a0\u00bbtexto-blanco\u00a0\u00bb css=\u00a0\u00bb.vc_custom_1539259277031{margin-bottom: 0px !important;}\u00a0\u00bb]\n<h2 style=\"text-align: center;\"><span style=\"color: #ffffff;\">Des projets personnalis\u00e9s de la plus haute qualit\u00e9<\/span><\/h2>\n[\/vc_column_text][\/vc_column][\/mk_page_section][mk_page_section padding_top=\u00a0\u00bb80&Prime; padding_bottom=\u00a0\u00bb35&Prime; sidebar=\u00a0\u00bbsidebar-1&Prime;][vc_column width=\u00a0\u00bb1\/2&Prime;][mk_image src=\u00a0\u00bbhttps:\/\/eurocolor.es\/wp-content\/uploads\/pretratamientos_eurocolor.jpg\u00a0\u00bb image_size=\u00a0\u00bbfull\u00a0\u00bb][mk_image src=\u00a0\u00bbhttps:\/\/eurocolor.es\/wp-content\/uploads\/pretratamientos_eurocolor-2.jpg\u00a0\u00bb image_size=\u00a0\u00bbfull\u00a0\u00bb][\/vc_column][vc_column width=\u00a0\u00bb1\/2&Prime;][vc_column_text css=\u00a0\u00bb.vc_custom_1539156573014{margin-bottom: 0px !important;}\u00a0\u00bb]\n<h2><strong>Pr\u00e9traitements<\/strong><\/h2>\n[\/vc_column_text][mk_padding_divider size=\u00a0\u00bb20&Prime;][vc_column_text css=\u00a0\u00bb.vc_custom_1539156651121{margin-bottom: 0px !important;}\u00a0\u00bb]\n<div class=\"page\">\n<div class=\"layoutArea\">\n<div class=\"column\">\n<h4>Chez EUROCOLOR, dans le but d&rsquo;obtenir une qualit\u00e9 maximale pour tous les produits, le processus de production commence toujours en appliquant \u00e0 tous les profil\u00e9s qui rentrent en usine un <strong>pr\u00e9traitement<\/strong> en bains ou par pulv\u00e9risation sur la ligne verticale , donnant au produit une couche qui nettoie et prot\u00e8ge contre la corrosion et augmente l&rsquo;adh\u00e9rence de la peinture.<\/h4>\n<\/div>\n<\/div>\n<\/div>\n[\/vc_column_text][mk_padding_divider size=\u00a0\u00bb20&Prime;][vc_column_text css=\u00a0\u00bb.vc_custom_1539156726206{margin-bottom: 0px !important;}\u00a0\u00bb]\n<div class=\"page\">\n<div class=\"layoutArea\">\n<div class=\"column\">\n<h4>Outre le haut niveau de qualit\u00e9, EUROCOLOR propose des produits plus performants comme le traitement <span class=\"marca-registrada\">sealac\u00ae<\/span>: un syst\u00e8me de traitement exclusif de CLASSE 2 qui conf\u00e8re aux profil\u00e9s et aux t\u00f4les une grande r\u00e9sistance aux agents ext\u00e9rieurs particuli\u00e8rement agressifs, tels que les milieux marins.<\/h4>\n<\/div>\n<\/div>\n<\/div>\n[\/vc_column_text][\/vc_column][\/mk_page_section][vc_row][vc_column][mk_divider style=\u00a0\u00bbthin_solid\u00a0\u00bb thin_single_color=\u00a0\u00bb#dddddd\u00a0\u00bb][\/vc_column][\/vc_row][mk_page_section padding_top=\u00a0\u00bb35&Prime; padding_bottom=\u00a0\u00bb40&Prime; sidebar=\u00a0\u00bbsidebar-1&Prime;][vc_column width=\u00a0\u00bb1\/2&Prime;][mk_image src=\u00a0\u00bbhttps:\/\/eurocolor.es\/wp-content\/uploads\/lacado-polvo-1.jpg\u00a0\u00bb image_size=\u00a0\u00bbfull\u00a0\u00bb][mk_image src=\u00a0\u00bbhttps:\/\/eurocolor.es\/wp-content\/uploads\/lacado-en-polvo.jpg\u00a0\u00bb image_size=\u00a0\u00bbfull\u00a0\u00bb][\/vc_column][vc_column width=\u00a0\u00bb1\/2&Prime;][vc_column_text css=\u00a0\u00bb.vc_custom_1539156755391{margin-bottom: 0px !important;}\u00a0\u00bb]\n<h2><strong>Laquage en Poudre<\/strong><\/h2>\n[\/vc_column_text][mk_padding_divider size=\u00a0\u00bb20&Prime;][vc_column_text css=\u00a0\u00bb.vc_custom_1539255455881{margin-bottom: 0px !important;}\u00a0\u00bb]\n<div class=\"page\">\n<div class=\"layoutArea\">\n<div class=\"column\">\n<h4>EUROCOLOR est sp\u00e9cialis\u00e9 dans le <strong>laquage en poudre<\/strong> polyester sur les profil\u00e9s m\u00e9talliques. Il offre un service de laquage de haute qualit\u00e9 avec une grande \u00e9paisseur de peinture qui se transforme en de grandes prestations comme une grande r\u00e9sistance et durabilit\u00e9.<\/h4>\n<h4>La poudre polyester sur profil\u00e9 est un des services les plus demand\u00e9s par nos clients de charpenterie m\u00e9tallique. La grande \u00e9paisseur de peinture conf\u00e8re une grande r\u00e9sistance, sp\u00e9cialement si ceci est combin\u00e9 avec le pr\u00e9traitement <span class=\"marca-registrada\">sealac\u00ae<\/span>.<\/h4>\n<h4><span class=\"marca-registrada\">durolac\u00ae<\/span> est une finition de grande durabilit\u00e9 pour l&rsquo;ext\u00e9rieur et offre de magnifiques propri\u00e9t\u00e9s de tenue de la brillance et une stabilit\u00e9 de couleur.<\/h4>\n<\/div>\n<\/div>\n<\/div>\n[\/vc_column_text][mk_padding_divider size=\u00a0\u00bb20&Prime;][\/vc_column][\/mk_page_section][mk_page_section bg_color=\u00a0\u00bb#004890&Prime; padding_top=\u00a0\u00bb50&Prime; padding_bottom=\u00a0\u00bb50&Prime; sidebar=\u00a0\u00bbsidebar-1&Prime;][vc_column][mk_button dimension=\u00a0\u00bbflat\u00a0\u00bb size=\u00a0\u00bblarge\u00a0\u00bb url=\u00a0\u00bb\/fr\/qualite-et-environnement\/\u00a0\u00bb align=\u00a0\u00bbcenter\u00a0\u00bb margin_right=\u00a0\u00bb0&Prime; el_class=\u00a0\u00bbbotones-titulos\u00a0\u00bb bg_color=\u00a0\u00bbrgba(255,255,255,0.5)\u00a0\u00bb btn_hover_bg=\u00a0\u00bbrgba(255,255,255,0.5)\u00a0\u00bb btn_hover_txt_color=\u00a0\u00bb#004890&Prime;]Qualit\u00e9[\/mk_button][mk_padding_divider size=\u00a0\u00bb20&Prime;][vc_row_inner][vc_column_inner][vc_column_text css=\u00a0\u00bb.vc_custom_1539255616058{margin-bottom: 0px !important;}\u00a0\u00bb]\n<h4 style=\"text-align: center;\"><span style=\"color: #ffffff;\">Chez EUROCOLOR nous sommes sp\u00e9cialistes dans le laquage en poudre et nous offrons \u00e0 l&rsquo;aluminium la couleur et l&rsquo;image demand\u00e9es pour chaque projet la qualit\u00e9 maximale laquelle est prot\u00e9g\u00e9e par le label de Qualit\u00e9 de laquage <b>QUALICOAT<\/b>:<\/span><\/h4>\n[\/vc_column_text][\/vc_column_inner][\/vc_row_inner][mk_padding_divider size=\u00a0\u00bb20&Prime;][vc_row_inner][vc_column_inner width=\u00a0\u00bb7\/12&Prime;][vc_column_text css=\u00a0\u00bb.vc_custom_1539255772798{margin-bottom: 0px !important;}\u00a0\u00bb]\n<h4><span style=\"color: #ffffff;\">\u00b7 Poudre Polyester Standard &#8211; <b>QUALICOAT CLASSE 1<\/b><\/span><br \/>\n<span style=\"color: #ffffff;\">\u00b7 Poudre Polyester Extra durable pour laquelle nous poss\u00e9dons notre propre marque <span class=\"marca-registrada\"><span style=\"color: #ffffff;\">durolac\u00ae<\/span><\/span>\u00a0&#8211;\u00a0<\/span><span style=\"color: #ffffff;\"><b>QUALICOAT CLASSE 2<\/b><\/span><br \/>\n<span style=\"color: #ffffff;\">\u00b7 Poudre Polyester Hyper Durable &#8211; <b>QUALICOAT CLASSE 3<\/b><\/span><\/h4>\n[\/vc_column_text][\/vc_column_inner][vc_column_inner width=\u00a0\u00bb5\/12&Prime;][vc_column_text css=\u00a0\u00bb.vc_custom_1752058824676{margin-bottom: 0px !important;}\u00a0\u00bb]<img loading=\"lazy\" decoding=\"async\" class=\"alignnone wp-image-948 size-full\" src=\"https:\/\/eurocolor.es\/wp-content\/uploads\/diseno-sin-titulo-9-e1751371364550-2.png\" alt=\"\" width=\"261\" height=\"85\" \/>[\/vc_column_text][mk_padding_divider][\/vc_column_inner][\/vc_row_inner][\/vc_column][\/mk_page_section]\n<\/div>","protected":false},"excerpt":{"rendered":"<p>[mk_page_section bg_image=\u00a0\u00bbhttps:\/\/eurocolor.es\/wp-content\/uploads\/procesos-destacado-eurocolor.jpg\u00a0\u00bb bg_position=\u00a0\u00bbleft center\u00a0\u00bb bg_repeat=\u00a0\u00bbno-repeat\u00a0\u00bb bg_stretch=\u00a0\u00bbtrue\u00a0\u00bb min_height=\u00a0\u00bb500&Prime; js_vertical_centered=\u00a0\u00bbtrue\u00a0\u00bb padding_top=\u00a0\u00bb0&Prime; padding_bottom=\u00a0\u00bb7&Prime; sidebar=\u00a0\u00bbsidebar-1&Prime;][vc_column width=\u00a0\u00bb1\/2&Prime;][vc_row_inner][vc_column_inner css=\u00a0\u00bb.vc_custom_1533650294273{padding-top: 30px !important;padding-right: 30px !important;padding-bottom: 30px !important;padding-left: 30px !important;background-color: rgba(2,71,138,0.7) !important;*background-color: rgb(2,71,138) !important;}\u00a0\u00bb][vc_column_text css=\u00a0\u00bb.vc_custom_1539156497695{margin-bottom: 0px !important;}\u00a0\u00bb] Processus [\/vc_column_text][vc_column_text el_class=\u00a0\u00bbtexto-blanco\u00a0\u00bb css=\u00a0\u00bb.vc_custom_1539156535252{margin-bottom: 0px !important;}\u00a0\u00bb] Chez EUROCOLOR, nous savons que chaque projet exige ses propres sp\u00e9cifications, pour cela nous sommes en mesure d&rsquo;offrir, \u00e0 partir de [&hellip;]<\/p>\n","protected":false},"author":2,"featured_media":0,"parent":0,"menu_order":0,"comment_status":"closed","ping_status":"closed","template":"","meta":{"inline_featured_image":false,"footnotes":""},"class_list":["post-536","page","type-page","status-publish","hentry"],"yoast_head":"<!-- This site is optimized with the Yoast SEO plugin v27.2 - https:\/\/yoast.com\/product\/yoast-seo-wordpress\/ -->\n<title>Processus - Eurocolor<\/title>\n<meta name=\"robots\" content=\"index, follow, max-snippet:-1, max-image-preview:large, max-video-preview:-1\" \/>\n<link rel=\"canonical\" href=\"https:\/\/eurocolor.es\/procesos\/\" \/>\n<meta property=\"og:locale\" content=\"fr_FR\" \/>\n<meta property=\"og:type\" content=\"article\" \/>\n<meta property=\"og:title\" content=\"Processus - Eurocolor\" \/>\n<meta property=\"og:description\" content=\"[mk_page_section bg_image=\u00a0\u00bbhttps:\/\/eurocolor.es\/wp-content\/uploads\/procesos-destacado-eurocolor.jpg\u00a0\u00bb bg_position=\u00a0\u00bbleft center\u00a0\u00bb bg_repeat=\u00a0\u00bbno-repeat\u00a0\u00bb bg_stretch=\u00a0\u00bbtrue\u00a0\u00bb min_height=\u00a0\u00bb500&Prime; js_vertical_centered=\u00a0\u00bbtrue\u00a0\u00bb padding_top=\u00a0\u00bb0&Prime; padding_bottom=\u00a0\u00bb7&Prime; sidebar=\u00a0\u00bbsidebar-1&Prime;][vc_column width=\u00a0\u00bb1\/2&Prime;][vc_row_inner][vc_column_inner css=\u00a0\u00bb.vc_custom_1533650294273{padding-top: 30px !important;padding-right: 30px !important;padding-bottom: 30px !important;padding-left: 30px !important;background-color: rgba(2,71,138,0.7) !important;*background-color: rgb(2,71,138) !important;}\u00a0\u00bb][vc_column_text css=\u00a0\u00bb.vc_custom_1539156497695{margin-bottom: 0px !important;}\u00a0\u00bb] Processus [\/vc_column_text][vc_column_text el_class=\u00a0\u00bbtexto-blanco\u00a0\u00bb css=\u00a0\u00bb.vc_custom_1539156535252{margin-bottom: 0px !important;}\u00a0\u00bb] Chez EUROCOLOR, nous savons que chaque projet exige ses propres sp\u00e9cifications, pour cela nous sommes en mesure d&rsquo;offrir, \u00e0 partir de [&hellip;]\" \/>\n<meta property=\"og:url\" content=\"https:\/\/eurocolor.es\/procesos\/\" \/>\n<meta property=\"og:site_name\" content=\"Eurocolor\" \/>\n<meta property=\"article:modified_time\" content=\"2025-07-09T11:00:35+00:00\" \/>\n<meta property=\"og:image\" content=\"https:\/\/eurocolor.es\/wp-content\/uploads\/diseno-sin-titulo-9-e1751371364550-2.png\" \/>\n\t<meta property=\"og:image:width\" content=\"261\" \/>\n\t<meta property=\"og:image:height\" content=\"85\" \/>\n\t<meta property=\"og:image:type\" content=\"image\/png\" \/>\n<meta name=\"twitter:card\" content=\"summary_large_image\" \/>\n<meta name=\"twitter:label1\" content=\"Dur\u00e9e de lecture estim\u00e9e\" \/>\n\t<meta name=\"twitter:data1\" content=\"4 minutes\" \/>\n<script type=\"application\/ld+json\" class=\"yoast-schema-graph\">{\"@context\":\"https:\/\/schema.org\",\"@graph\":[{\"@type\":\"WebPage\",\"@id\":\"https:\/\/eurocolor.es\/procesos\/\",\"url\":\"https:\/\/eurocolor.es\/procesos\/\",\"name\":\"Processus - Eurocolor\",\"isPartOf\":{\"@id\":\"https:\/\/eurocolor.es\/#website\"},\"primaryImageOfPage\":{\"@id\":\"https:\/\/eurocolor.es\/procesos\/#primaryimage\"},\"image\":{\"@id\":\"https:\/\/eurocolor.es\/procesos\/#primaryimage\"},\"thumbnailUrl\":\"https:\/\/eurocolor.es\/wp-content\/uploads\/diseno-sin-titulo-9-e1751371364550-2.png\",\"datePublished\":\"2018-08-24T12:35:18+00:00\",\"dateModified\":\"2025-07-09T11:00:35+00:00\",\"breadcrumb\":{\"@id\":\"https:\/\/eurocolor.es\/procesos\/#breadcrumb\"},\"inLanguage\":\"fr-FR\",\"potentialAction\":[{\"@type\":\"ReadAction\",\"target\":[\"https:\/\/eurocolor.es\/procesos\/\"]}]},{\"@type\":\"ImageObject\",\"inLanguage\":\"fr-FR\",\"@id\":\"https:\/\/eurocolor.es\/procesos\/#primaryimage\",\"url\":\"https:\/\/eurocolor.es\/wp-content\/uploads\/diseno-sin-titulo-9-e1751371364550-2.png\",\"contentUrl\":\"https:\/\/eurocolor.es\/wp-content\/uploads\/diseno-sin-titulo-9-e1751371364550-2.png\"},{\"@type\":\"BreadcrumbList\",\"@id\":\"https:\/\/eurocolor.es\/procesos\/#breadcrumb\",\"itemListElement\":[{\"@type\":\"ListItem\",\"position\":1,\"name\":\"Portada\",\"item\":\"https:\/\/eurocolor.es\/fr\/\"},{\"@type\":\"ListItem\",\"position\":2,\"name\":\"Processus\"}]},{\"@type\":\"WebSite\",\"@id\":\"https:\/\/eurocolor.es\/#website\",\"url\":\"https:\/\/eurocolor.es\/\",\"name\":\"Eurocolor\",\"description\":\"Lacado en polvo para aluminios\",\"potentialAction\":[{\"@type\":\"SearchAction\",\"target\":{\"@type\":\"EntryPoint\",\"urlTemplate\":\"https:\/\/eurocolor.es\/?s={search_term_string}\"},\"query-input\":{\"@type\":\"PropertyValueSpecification\",\"valueRequired\":true,\"valueName\":\"search_term_string\"}}],\"inLanguage\":\"fr-FR\"}]}<\/script>\n<!-- \/ Yoast SEO plugin. -->","yoast_head_json":{"title":"Processus - Eurocolor","robots":{"index":"index","follow":"follow","max-snippet":"max-snippet:-1","max-image-preview":"max-image-preview:large","max-video-preview":"max-video-preview:-1"},"canonical":"https:\/\/eurocolor.es\/procesos\/","og_locale":"fr_FR","og_type":"article","og_title":"Processus - Eurocolor","og_description":"[mk_page_section bg_image=\u00a0\u00bbhttps:\/\/eurocolor.es\/wp-content\/uploads\/procesos-destacado-eurocolor.jpg\u00a0\u00bb bg_position=\u00a0\u00bbleft center\u00a0\u00bb bg_repeat=\u00a0\u00bbno-repeat\u00a0\u00bb bg_stretch=\u00a0\u00bbtrue\u00a0\u00bb min_height=\u00a0\u00bb500&Prime; js_vertical_centered=\u00a0\u00bbtrue\u00a0\u00bb padding_top=\u00a0\u00bb0&Prime; padding_bottom=\u00a0\u00bb7&Prime; sidebar=\u00a0\u00bbsidebar-1&Prime;][vc_column width=\u00a0\u00bb1\/2&Prime;][vc_row_inner][vc_column_inner css=\u00a0\u00bb.vc_custom_1533650294273{padding-top: 30px !important;padding-right: 30px !important;padding-bottom: 30px !important;padding-left: 30px !important;background-color: rgba(2,71,138,0.7) !important;*background-color: rgb(2,71,138) !important;}\u00a0\u00bb][vc_column_text css=\u00a0\u00bb.vc_custom_1539156497695{margin-bottom: 0px !important;}\u00a0\u00bb] Processus [\/vc_column_text][vc_column_text el_class=\u00a0\u00bbtexto-blanco\u00a0\u00bb css=\u00a0\u00bb.vc_custom_1539156535252{margin-bottom: 0px !important;}\u00a0\u00bb] Chez EUROCOLOR, nous savons que chaque projet exige ses propres sp\u00e9cifications, pour cela nous sommes en mesure d&rsquo;offrir, \u00e0 partir de [&hellip;]","og_url":"https:\/\/eurocolor.es\/procesos\/","og_site_name":"Eurocolor","article_modified_time":"2025-07-09T11:00:35+00:00","og_image":[{"width":261,"height":85,"url":"https:\/\/eurocolor.es\/wp-content\/uploads\/diseno-sin-titulo-9-e1751371364550-2.png","type":"image\/png"}],"twitter_card":"summary_large_image","twitter_misc":{"Dur\u00e9e de lecture estim\u00e9e":"4 minutes"},"schema":{"@context":"https:\/\/schema.org","@graph":[{"@type":"WebPage","@id":"https:\/\/eurocolor.es\/procesos\/","url":"https:\/\/eurocolor.es\/procesos\/","name":"Processus - Eurocolor","isPartOf":{"@id":"https:\/\/eurocolor.es\/#website"},"primaryImageOfPage":{"@id":"https:\/\/eurocolor.es\/procesos\/#primaryimage"},"image":{"@id":"https:\/\/eurocolor.es\/procesos\/#primaryimage"},"thumbnailUrl":"https:\/\/eurocolor.es\/wp-content\/uploads\/diseno-sin-titulo-9-e1751371364550-2.png","datePublished":"2018-08-24T12:35:18+00:00","dateModified":"2025-07-09T11:00:35+00:00","breadcrumb":{"@id":"https:\/\/eurocolor.es\/procesos\/#breadcrumb"},"inLanguage":"fr-FR","potentialAction":[{"@type":"ReadAction","target":["https:\/\/eurocolor.es\/procesos\/"]}]},{"@type":"ImageObject","inLanguage":"fr-FR","@id":"https:\/\/eurocolor.es\/procesos\/#primaryimage","url":"https:\/\/eurocolor.es\/wp-content\/uploads\/diseno-sin-titulo-9-e1751371364550-2.png","contentUrl":"https:\/\/eurocolor.es\/wp-content\/uploads\/diseno-sin-titulo-9-e1751371364550-2.png"},{"@type":"BreadcrumbList","@id":"https:\/\/eurocolor.es\/procesos\/#breadcrumb","itemListElement":[{"@type":"ListItem","position":1,"name":"Portada","item":"https:\/\/eurocolor.es\/fr\/"},{"@type":"ListItem","position":2,"name":"Processus"}]},{"@type":"WebSite","@id":"https:\/\/eurocolor.es\/#website","url":"https:\/\/eurocolor.es\/","name":"Eurocolor","description":"Lacado en polvo para aluminios","potentialAction":[{"@type":"SearchAction","target":{"@type":"EntryPoint","urlTemplate":"https:\/\/eurocolor.es\/?s={search_term_string}"},"query-input":{"@type":"PropertyValueSpecification","valueRequired":true,"valueName":"search_term_string"}}],"inLanguage":"fr-FR"}]}},"_links":{"self":[{"href":"https:\/\/eurocolor.es\/fr\/wp-json\/wp\/v2\/pages\/536","targetHints":{"allow":["GET"]}}],"collection":[{"href":"https:\/\/eurocolor.es\/fr\/wp-json\/wp\/v2\/pages"}],"about":[{"href":"https:\/\/eurocolor.es\/fr\/wp-json\/wp\/v2\/types\/page"}],"author":[{"embeddable":true,"href":"https:\/\/eurocolor.es\/fr\/wp-json\/wp\/v2\/users\/2"}],"replies":[{"embeddable":true,"href":"https:\/\/eurocolor.es\/fr\/wp-json\/wp\/v2\/comments?post=536"}],"version-history":[{"count":6,"href":"https:\/\/eurocolor.es\/fr\/wp-json\/wp\/v2\/pages\/536\/revisions"}],"predecessor-version":[{"id":951,"href":"https:\/\/eurocolor.es\/fr\/wp-json\/wp\/v2\/pages\/536\/revisions\/951"}],"wp:attachment":[{"href":"https:\/\/eurocolor.es\/fr\/wp-json\/wp\/v2\/media?parent=536"}],"curies":[{"name":"wp","href":"https:\/\/api.w.org\/{rel}","templated":true}]}}