{"id":533,"date":"2018-08-07T15:23:05","date_gmt":"2018-08-07T14:23:05","guid":{"rendered":"https:\/\/eurocolor.es\/tecnologia\/"},"modified":"2018-11-06T15:38:24","modified_gmt":"2018-11-06T14:38:24","slug":"technologie","status":"publish","type":"page","link":"https:\/\/eurocolor.es\/fr\/technologie\/","title":{"rendered":"Technologie"},"content":{"rendered":"<div class=\"wpb-content-wrapper\">[mk_page_section bg_image=\u00a0\u00bbhttps:\/\/eurocolor.es\/wp-content\/uploads\/eurocolor_tecnologia-cabecera.jpg\u00a0\u00bb bg_position=\u00a0\u00bbleft center\u00a0\u00bb bg_repeat=\u00a0\u00bbno-repeat\u00a0\u00bb bg_stretch=\u00a0\u00bbtrue\u00a0\u00bb min_height=\u00a0\u00bb500&Prime; js_vertical_centered=\u00a0\u00bbtrue\u00a0\u00bb padding_top=\u00a0\u00bb0&Prime; padding_bottom=\u00a0\u00bb7&Prime; sidebar=\u00a0\u00bbsidebar-1&Prime;][vc_column width=\u00a0\u00bb1\/2&Prime;][vc_row_inner][vc_column_inner css=\u00a0\u00bb.vc_custom_1533652055419{padding-top: 30px !important;padding-right: 30px !important;padding-bottom: 30px !important;padding-left: 30px !important;background-color: rgba(2,73,144,0.8) !important;*background-color: rgb(2,73,144) !important;}\u00a0\u00bb][vc_column_text css=\u00a0\u00bb.vc_custom_1539156084434{margin-bottom: 0px !important;}\u00a0\u00bb]\n<h1><span style=\"color: #ffffff;\">Technologie<\/span><\/h1>\n[\/vc_column_text][vc_column_text el_class=\u00a0\u00bbtexto-blanco\u00a0\u00bb css=\u00a0\u00bb.vc_custom_1539156155944{margin-bottom: 0px !important;}\u00a0\u00bb]\n<h4>Nous disposons d&rsquo;une \u00e9quipe tr\u00e8s exp\u00e9riment\u00e9e et d&rsquo;un haut niveau technique sp\u00e9cialis\u00e9e dans le pr\u00e9traitement et le laquage des profil\u00e9s. Tous les d\u00e9partements sont centr\u00e9s sur le CLIENT et ses besoins, ainsi que sur la fabrication de produits de haute QUALIT\u00c9 DIFF\u00c9RENCI\u00c9E.<\/h4>\n[\/vc_column_text][\/vc_column_inner][\/vc_row_inner][\/vc_column][\/mk_page_section][mk_page_section min_height=\u00a0\u00bb7&Prime; padding_top=\u00a0\u00bb0&Prime; padding_bottom=\u00a0\u00bb0&Prime; sidebar=\u00a0\u00bbsidebar-1&Prime;][vc_column][\/vc_column][\/mk_page_section][mk_page_section bg_color=\u00a0\u00bb#004890&Prime; padding_top=\u00a0\u00bb30&Prime; padding_bottom=\u00a0\u00bb20&Prime; sidebar=\u00a0\u00bbsidebar-1&Prime;][vc_column][vc_column_text css=\u00a0\u00bb.vc_custom_1539156110040{margin-bottom: 0px !important;}\u00a0\u00bb]\n<h2 style=\"text-align: center;\"><span style=\"color: #ffffff;\">Le plus grand atout d&rsquo;EUROCOLOR est son Personnel et sa Technologie.<\/span><\/h2>\n[\/vc_column_text][\/vc_column][\/mk_page_section][mk_page_section padding_top=\u00a0\u00bb80&Prime; padding_bottom=\u00a0\u00bb80&Prime; visibility=\u00a0\u00bbhidden-sm\u00a0\u00bb el_class=\u00a0\u00bbtecnologia_sec\u00a0\u00bb sidebar=\u00a0\u00bbsidebar-1&Prime;][vc_column][vc_row_inner][vc_column_inner width=\u00a0\u00bb1\/2&Prime;][mk_image src=\u00a0\u00bbhttps:\/\/eurocolor.es\/wp-content\/uploads\/uniformidad-de-color.jpg\u00a0\u00bb image_size=\u00a0\u00bbfull\u00a0\u00bb align=\u00a0\u00bbcenter\u00a0\u00bb][\/vc_column_inner][vc_column_inner width=\u00a0\u00bb1\/2&Prime;][mk_padding_divider size=\u00a0\u00bb50&Prime;][vc_column_text css=\u00a0\u00bb.vc_custom_1539156244768{margin-bottom: 0px !important;}\u00a0\u00bb]\n<h4>Nous disposons d&rsquo;une <strong>TECHNOLOGIE PROPRE et NOVATRICE<\/strong>: des lignes de production verticales, des bains de pr\u00e9traitement de surface, un laquage en poudre \u00e0 deux faces et des syst\u00e8mes de durcissement en fours.<\/h4>\n[\/vc_column_text][\/vc_column_inner][\/vc_row_inner][mk_padding_divider size=\u00a0\u00bb20&Prime;][vc_row_inner][vc_column_inner width=\u00a0\u00bb1\/2&Prime;][mk_padding_divider size=\u00a0\u00bb60&Prime;][vc_column_text css=\u00a0\u00bb.vc_custom_1539156305353{margin-bottom: 0px !important;}\u00a0\u00bb]\n<h4 style=\"text-align: right;\">Nous sommes la <strong>seule entreprise en Espagne capable d&rsquo;offrir une uniformit\u00e9 de couleur sur la fa\u00e7ade de n&rsquo;importe quel b\u00e2timent<\/strong>.<\/h4>\n[\/vc_column_text][\/vc_column_inner][vc_column_inner width=\u00a0\u00bb1\/2&Prime;][mk_image src=\u00a0\u00bbhttps:\/\/eurocolor.es\/wp-content\/uploads\/eurocolor-fachada.jpg\u00a0\u00bb image_size=\u00a0\u00bbfull\u00a0\u00bb align=\u00a0\u00bbcenter\u00a0\u00bb][\/vc_column_inner][\/vc_row_inner][mk_padding_divider size=\u00a0\u00bb20&Prime;][vc_row_inner][vc_column_inner width=\u00a0\u00bb1\/2&Prime;][mk_image src=\u00a0\u00bbhttps:\/\/eurocolor.es\/wp-content\/uploads\/tecnologia-propia-e-innovadora-eurocolor.jpg\u00a0\u00bb image_size=\u00a0\u00bbfull\u00a0\u00bb align=\u00a0\u00bbcenter\u00a0\u00bb][\/vc_column_inner][vc_column_inner width=\u00a0\u00bb1\/2&Prime;][mk_padding_divider size=\u00a0\u00bb60&Prime;][vc_column_text css=\u00a0\u00bb.vc_custom_1539156403734{margin-bottom: 0px !important;}\u00a0\u00bb]\n<h4>Notre <strong>TECHNOLOGIE PROPRE<\/strong> garantit une finition leader dans le secteur de la construction, offrant <strong>ainsi des solutions<\/strong> \u00e0 chaque client.<\/h4>\n[\/vc_column_text][\/vc_column_inner][\/vc_row_inner][mk_padding_divider size=\u00a0\u00bb20&Prime;][\/vc_column][\/mk_page_section][mk_page_section padding_top=\u00a0\u00bb80&Prime; padding_bottom=\u00a0\u00bb80&Prime; visibility=\u00a0\u00bbvisible-sm\u00a0\u00bb sidebar=\u00a0\u00bbsidebar-1&Prime;][vc_column][vc_row_inner][vc_column_inner width=\u00a0\u00bb1\/2&Prime;][mk_image src=\u00a0\u00bbhttps:\/\/eurocolor.es\/wp-content\/uploads\/uniformidad-de-color.jpg\u00a0\u00bb image_size=\u00a0\u00bbfull\u00a0\u00bb align=\u00a0\u00bbcenter\u00a0\u00bb][\/vc_column_inner][vc_column_inner width=\u00a0\u00bb1\/2&Prime;][mk_padding_divider size=\u00a0\u00bb20&Prime;][vc_column_text css=\u00a0\u00bb.vc_custom_1540893636883{margin-bottom: 0px !important;}\u00a0\u00bb]\n<h4 style=\"text-align: center;\">Nous disposons d&rsquo;une <strong>TECHNOLOGIE PROPRE et NOVATRICE<\/strong>: des lignes de production verticales, des bains de pr\u00e9traitement de surface, un laquage en poudre \u00e0 deux faces et des syst\u00e8mes de durcissement en fours.<\/h4>\n[\/vc_column_text][\/vc_column_inner][\/vc_row_inner][mk_padding_divider size=\u00a0\u00bb20&Prime;][vc_row_inner][vc_column_inner width=\u00a0\u00bb1\/2&Prime;][mk_image src=\u00a0\u00bbhttps:\/\/eurocolor.es\/wp-content\/uploads\/eurocolor-fachada.jpg\u00a0\u00bb image_size=\u00a0\u00bbfull\u00a0\u00bb align=\u00a0\u00bbcenter\u00a0\u00bb][\/vc_column_inner][vc_column_inner width=\u00a0\u00bb1\/2&Prime;][mk_padding_divider size=\u00a0\u00bb20&Prime;][vc_column_text css=\u00a0\u00bb.vc_custom_1540893656506{margin-bottom: 0px !important;}\u00a0\u00bb]\n<h4 style=\"text-align: center;\">Nous sommes la <strong>seule entreprise en Espagne capable d&rsquo;offrir une uniformit\u00e9 de couleur sur la fa\u00e7ade de n&rsquo;importe quel b\u00e2timent<\/strong>.<\/h4>\n[\/vc_column_text][\/vc_column_inner][\/vc_row_inner][mk_padding_divider size=\u00a0\u00bb20&Prime;][vc_row_inner][vc_column_inner width=\u00a0\u00bb1\/2&Prime;][mk_image src=\u00a0\u00bbhttps:\/\/eurocolor.es\/wp-content\/uploads\/tecnologia-propia-e-innovadora-eurocolor.jpg\u00a0\u00bb image_size=\u00a0\u00bbfull\u00a0\u00bb align=\u00a0\u00bbcenter\u00a0\u00bb][\/vc_column_inner][vc_column_inner width=\u00a0\u00bb1\/2&Prime;][mk_padding_divider size=\u00a0\u00bb20&Prime;][vc_column_text css=\u00a0\u00bb.vc_custom_1540893669683{margin-bottom: 0px !important;}\u00a0\u00bb]\n<h4 style=\"text-align: center;\">Notre <strong>TECHNOLOGIE PROPRE<\/strong> garantit une finition leader dans le secteur de la construction, offrant <strong>ainsi des solutions<\/strong> \u00e0 chaque client.<\/h4>\n[\/vc_column_text][\/vc_column_inner][\/vc_row_inner][mk_padding_divider size=\u00a0\u00bb20&Prime;][\/vc_column][\/mk_page_section]\n<\/div>","protected":false},"excerpt":{"rendered":"<p>[mk_page_section bg_image=\u00a0\u00bbhttps:\/\/eurocolor.es\/wp-content\/uploads\/eurocolor_tecnologia-cabecera.jpg\u00a0\u00bb bg_position=\u00a0\u00bbleft center\u00a0\u00bb bg_repeat=\u00a0\u00bbno-repeat\u00a0\u00bb bg_stretch=\u00a0\u00bbtrue\u00a0\u00bb min_height=\u00a0\u00bb500&Prime; js_vertical_centered=\u00a0\u00bbtrue\u00a0\u00bb padding_top=\u00a0\u00bb0&Prime; padding_bottom=\u00a0\u00bb7&Prime; sidebar=\u00a0\u00bbsidebar-1&Prime;][vc_column width=\u00a0\u00bb1\/2&Prime;][vc_row_inner][vc_column_inner css=\u00a0\u00bb.vc_custom_1533652055419{padding-top: 30px !important;padding-right: 30px !important;padding-bottom: 30px !important;padding-left: 30px !important;background-color: rgba(2,73,144,0.8) !important;*background-color: rgb(2,73,144) !important;}\u00a0\u00bb][vc_column_text css=\u00a0\u00bb.vc_custom_1539156084434{margin-bottom: 0px !important;}\u00a0\u00bb] Technologie [\/vc_column_text][vc_column_text el_class=\u00a0\u00bbtexto-blanco\u00a0\u00bb css=\u00a0\u00bb.vc_custom_1539156155944{margin-bottom: 0px !important;}\u00a0\u00bb] Nous disposons d&rsquo;une \u00e9quipe tr\u00e8s exp\u00e9riment\u00e9e et d&rsquo;un haut niveau technique sp\u00e9cialis\u00e9e dans le pr\u00e9traitement et le laquage des profil\u00e9s. Tous [&hellip;]<\/p>\n","protected":false},"author":2,"featured_media":0,"parent":0,"menu_order":0,"comment_status":"closed","ping_status":"closed","template":"","meta":{"inline_featured_image":false,"footnotes":""},"class_list":["post-533","page","type-page","status-publish","hentry"],"yoast_head":"<!-- This site is optimized with the Yoast SEO plugin v27.2 - https:\/\/yoast.com\/product\/yoast-seo-wordpress\/ -->\n<title>Technologie - Eurocolor<\/title>\n<meta name=\"robots\" content=\"index, follow, max-snippet:-1, max-image-preview:large, max-video-preview:-1\" \/>\n<link rel=\"canonical\" href=\"https:\/\/eurocolor.es\/fr\/technologie\/\" \/>\n<meta property=\"og:locale\" content=\"fr_FR\" \/>\n<meta property=\"og:type\" content=\"article\" \/>\n<meta property=\"og:title\" content=\"Technologie - Eurocolor\" \/>\n<meta property=\"og:description\" content=\"[mk_page_section bg_image=\u00a0\u00bbhttps:\/\/eurocolor.es\/wp-content\/uploads\/eurocolor_tecnologia-cabecera.jpg\u00a0\u00bb bg_position=\u00a0\u00bbleft center\u00a0\u00bb bg_repeat=\u00a0\u00bbno-repeat\u00a0\u00bb bg_stretch=\u00a0\u00bbtrue\u00a0\u00bb min_height=\u00a0\u00bb500&Prime; js_vertical_centered=\u00a0\u00bbtrue\u00a0\u00bb padding_top=\u00a0\u00bb0&Prime; padding_bottom=\u00a0\u00bb7&Prime; sidebar=\u00a0\u00bbsidebar-1&Prime;][vc_column width=\u00a0\u00bb1\/2&Prime;][vc_row_inner][vc_column_inner css=\u00a0\u00bb.vc_custom_1533652055419{padding-top: 30px !important;padding-right: 30px !important;padding-bottom: 30px !important;padding-left: 30px !important;background-color: rgba(2,73,144,0.8) !important;*background-color: rgb(2,73,144) !important;}\u00a0\u00bb][vc_column_text css=\u00a0\u00bb.vc_custom_1539156084434{margin-bottom: 0px !important;}\u00a0\u00bb] Technologie [\/vc_column_text][vc_column_text el_class=\u00a0\u00bbtexto-blanco\u00a0\u00bb css=\u00a0\u00bb.vc_custom_1539156155944{margin-bottom: 0px !important;}\u00a0\u00bb] Nous disposons d&rsquo;une \u00e9quipe tr\u00e8s exp\u00e9riment\u00e9e et d&rsquo;un haut niveau technique sp\u00e9cialis\u00e9e dans le pr\u00e9traitement et le laquage des profil\u00e9s. Tous [&hellip;]\" \/>\n<meta property=\"og:url\" content=\"https:\/\/eurocolor.es\/fr\/technologie\/\" \/>\n<meta property=\"og:site_name\" content=\"Eurocolor\" \/>\n<meta property=\"article:modified_time\" content=\"2018-11-06T14:38:24+00:00\" \/>\n<meta name=\"twitter:card\" content=\"summary_large_image\" \/>\n<meta name=\"twitter:label1\" content=\"Dur\u00e9e de lecture estim\u00e9e\" \/>\n\t<meta name=\"twitter:data1\" content=\"4 minutes\" \/>\n<script type=\"application\/ld+json\" class=\"yoast-schema-graph\">{\"@context\":\"https:\/\/schema.org\",\"@graph\":[{\"@type\":\"WebPage\",\"@id\":\"https:\/\/eurocolor.es\/fr\/technologie\/\",\"url\":\"https:\/\/eurocolor.es\/fr\/technologie\/\",\"name\":\"Technologie - Eurocolor\",\"isPartOf\":{\"@id\":\"https:\/\/eurocolor.es\/#website\"},\"datePublished\":\"2018-08-07T14:23:05+00:00\",\"dateModified\":\"2018-11-06T14:38:24+00:00\",\"breadcrumb\":{\"@id\":\"https:\/\/eurocolor.es\/fr\/technologie\/#breadcrumb\"},\"inLanguage\":\"fr-FR\",\"potentialAction\":[{\"@type\":\"ReadAction\",\"target\":[\"https:\/\/eurocolor.es\/fr\/technologie\/\"]}]},{\"@type\":\"BreadcrumbList\",\"@id\":\"https:\/\/eurocolor.es\/fr\/technologie\/#breadcrumb\",\"itemListElement\":[{\"@type\":\"ListItem\",\"position\":1,\"name\":\"Portada\",\"item\":\"https:\/\/eurocolor.es\/fr\/\"},{\"@type\":\"ListItem\",\"position\":2,\"name\":\"Technologie\"}]},{\"@type\":\"WebSite\",\"@id\":\"https:\/\/eurocolor.es\/#website\",\"url\":\"https:\/\/eurocolor.es\/\",\"name\":\"Eurocolor\",\"description\":\"Lacado en polvo para aluminios\",\"potentialAction\":[{\"@type\":\"SearchAction\",\"target\":{\"@type\":\"EntryPoint\",\"urlTemplate\":\"https:\/\/eurocolor.es\/?s={search_term_string}\"},\"query-input\":{\"@type\":\"PropertyValueSpecification\",\"valueRequired\":true,\"valueName\":\"search_term_string\"}}],\"inLanguage\":\"fr-FR\"}]}<\/script>\n<!-- \/ Yoast SEO plugin. -->","yoast_head_json":{"title":"Technologie - Eurocolor","robots":{"index":"index","follow":"follow","max-snippet":"max-snippet:-1","max-image-preview":"max-image-preview:large","max-video-preview":"max-video-preview:-1"},"canonical":"https:\/\/eurocolor.es\/fr\/technologie\/","og_locale":"fr_FR","og_type":"article","og_title":"Technologie - Eurocolor","og_description":"[mk_page_section bg_image=\u00a0\u00bbhttps:\/\/eurocolor.es\/wp-content\/uploads\/eurocolor_tecnologia-cabecera.jpg\u00a0\u00bb bg_position=\u00a0\u00bbleft center\u00a0\u00bb bg_repeat=\u00a0\u00bbno-repeat\u00a0\u00bb bg_stretch=\u00a0\u00bbtrue\u00a0\u00bb min_height=\u00a0\u00bb500&Prime; js_vertical_centered=\u00a0\u00bbtrue\u00a0\u00bb padding_top=\u00a0\u00bb0&Prime; padding_bottom=\u00a0\u00bb7&Prime; sidebar=\u00a0\u00bbsidebar-1&Prime;][vc_column width=\u00a0\u00bb1\/2&Prime;][vc_row_inner][vc_column_inner css=\u00a0\u00bb.vc_custom_1533652055419{padding-top: 30px !important;padding-right: 30px !important;padding-bottom: 30px !important;padding-left: 30px !important;background-color: rgba(2,73,144,0.8) !important;*background-color: rgb(2,73,144) !important;}\u00a0\u00bb][vc_column_text css=\u00a0\u00bb.vc_custom_1539156084434{margin-bottom: 0px !important;}\u00a0\u00bb] Technologie [\/vc_column_text][vc_column_text el_class=\u00a0\u00bbtexto-blanco\u00a0\u00bb css=\u00a0\u00bb.vc_custom_1539156155944{margin-bottom: 0px !important;}\u00a0\u00bb] Nous disposons d&rsquo;une \u00e9quipe tr\u00e8s exp\u00e9riment\u00e9e et d&rsquo;un haut niveau technique sp\u00e9cialis\u00e9e dans le pr\u00e9traitement et le laquage des profil\u00e9s. Tous [&hellip;]","og_url":"https:\/\/eurocolor.es\/fr\/technologie\/","og_site_name":"Eurocolor","article_modified_time":"2018-11-06T14:38:24+00:00","twitter_card":"summary_large_image","twitter_misc":{"Dur\u00e9e de lecture estim\u00e9e":"4 minutes"},"schema":{"@context":"https:\/\/schema.org","@graph":[{"@type":"WebPage","@id":"https:\/\/eurocolor.es\/fr\/technologie\/","url":"https:\/\/eurocolor.es\/fr\/technologie\/","name":"Technologie - Eurocolor","isPartOf":{"@id":"https:\/\/eurocolor.es\/#website"},"datePublished":"2018-08-07T14:23:05+00:00","dateModified":"2018-11-06T14:38:24+00:00","breadcrumb":{"@id":"https:\/\/eurocolor.es\/fr\/technologie\/#breadcrumb"},"inLanguage":"fr-FR","potentialAction":[{"@type":"ReadAction","target":["https:\/\/eurocolor.es\/fr\/technologie\/"]}]},{"@type":"BreadcrumbList","@id":"https:\/\/eurocolor.es\/fr\/technologie\/#breadcrumb","itemListElement":[{"@type":"ListItem","position":1,"name":"Portada","item":"https:\/\/eurocolor.es\/fr\/"},{"@type":"ListItem","position":2,"name":"Technologie"}]},{"@type":"WebSite","@id":"https:\/\/eurocolor.es\/#website","url":"https:\/\/eurocolor.es\/","name":"Eurocolor","description":"Lacado en polvo para aluminios","potentialAction":[{"@type":"SearchAction","target":{"@type":"EntryPoint","urlTemplate":"https:\/\/eurocolor.es\/?s={search_term_string}"},"query-input":{"@type":"PropertyValueSpecification","valueRequired":true,"valueName":"search_term_string"}}],"inLanguage":"fr-FR"}]}},"_links":{"self":[{"href":"https:\/\/eurocolor.es\/fr\/wp-json\/wp\/v2\/pages\/533","targetHints":{"allow":["GET"]}}],"collection":[{"href":"https:\/\/eurocolor.es\/fr\/wp-json\/wp\/v2\/pages"}],"about":[{"href":"https:\/\/eurocolor.es\/fr\/wp-json\/wp\/v2\/types\/page"}],"author":[{"embeddable":true,"href":"https:\/\/eurocolor.es\/fr\/wp-json\/wp\/v2\/users\/2"}],"replies":[{"embeddable":true,"href":"https:\/\/eurocolor.es\/fr\/wp-json\/wp\/v2\/comments?post=533"}],"version-history":[{"count":4,"href":"https:\/\/eurocolor.es\/fr\/wp-json\/wp\/v2\/pages\/533\/revisions"}],"predecessor-version":[{"id":618,"href":"https:\/\/eurocolor.es\/fr\/wp-json\/wp\/v2\/pages\/533\/revisions\/618"}],"wp:attachment":[{"href":"https:\/\/eurocolor.es\/fr\/wp-json\/wp\/v2\/media?parent=533"}],"curies":[{"name":"wp","href":"https:\/\/api.w.org\/{rel}","templated":true}]}}